{"id":1202,"date":"2025-07-24T02:24:29","date_gmt":"2025-07-24T02:24:29","guid":{"rendered":"https:\/\/orienta.hu\/at\/?page_id=1202"},"modified":"2025-07-31T13:26:28","modified_gmt":"2025-07-31T13:26:28","slug":"impressum","status":"publish","type":"page","link":"https:\/\/orienta.hu\/at\/impressum\/","title":{"rendered":"Impressum"},"content":{"rendered":"\t\t<div data-elementor-type=\"wp-page\" data-elementor-id=\"1202\" class=\"elementor elementor-1202\">\n\t\t\t\t<div class=\"elementor-element elementor-element-9af0a8d e-flex e-con-boxed e-con e-parent\" data-id=\"9af0a8d\" data-element_type=\"container\" data-e-type=\"container\">\n\t\t\t\t\t<div class=\"e-con-inner\">\n\t\t\t\t<div class=\"elementor-element elementor-element-bca3110 elementor-widget elementor-widget-heading\" data-id=\"bca3110\" data-element_type=\"widget\" data-e-type=\"widget\" data-widget_type=\"heading.default\">\n\t\t\t\t<div class=\"elementor-widget-container\">\n\t\t\t\t\t<h2 class=\"elementor-heading-title elementor-size-default\">Impresszum<\/h2>\t\t\t\t<\/div>\n\t\t\t\t<\/div>\n\t\t\t\t\t<\/div>\n\t\t\t\t<\/div>\n\t\t<div class=\"elementor-element elementor-element-f68e0e9 e-flex e-con-boxed e-con e-parent\" data-id=\"f68e0e9\" data-element_type=\"container\" data-e-type=\"container\">\n\t\t\t\t\t<div class=\"e-con-inner\">\n\t\t\t\t<div class=\"elementor-element elementor-element-0fca1eb elementor-widget elementor-widget-text-editor\" data-id=\"0fca1eb\" data-element_type=\"widget\" data-e-type=\"widget\" data-widget_type=\"text-editor.default\">\n\t\t\t\t<div class=\"elementor-widget-container\">\n\t\t\t\t\t\t\t\t\t<p data-start=\"564\" data-end=\"653\"><strong data-start=\"564\" data-end=\"653\">Angaben gem\u00e4\u00df \u00a7 5 ECG (E-Commerce Gesetz) und Offenlegungspflicht gem\u00e4\u00df \u00a7 25 MedienG:<\/strong><\/p><p data-start=\"655\" data-end=\"680\"><strong data-start=\"655\" data-end=\"664\">Name:<\/strong><br data-start=\"664\" data-end=\"667\" \/>Agnes Kovacs BA MA<\/p><p data-start=\"682\" data-end=\"830\"><strong data-start=\"682\" data-end=\"703\">Unternehmensform:<\/strong><br data-start=\"703\" data-end=\"706\" \/>Einzelunternehmerin (EPU) \u2013 neue Selbst\u00e4ndige<br data-start=\"751\" data-end=\"754\" \/>Kleinunternehmerin gem\u00e4\u00df \u00a7 6 Abs. 1 Z 27 UStG (von der Umsatzsteuer befreit)<\/p><p data-start=\"832\" data-end=\"879\"><strong data-start=\"832\" data-end=\"846\">T\u00e4tigkeit:<\/strong><br data-start=\"846\" data-end=\"849\" \/>Yogaunterricht (freiberuflich)<\/p><p data-start=\"881\" data-end=\"936\"><strong data-start=\"881\" data-end=\"893\">Adresse:\u00a0<br \/><\/strong>Florianistra\u00dfe 3\/1<br \/>4551 Ried im Traunkreis\u00a0<br data-start=\"923\" data-end=\"926\" \/>\u00d6sterreich\u00a0<br \/><em><strong>Hinweis: Die angegebene Adresse ist keine Kursadresse. Yogaeinheiten finden ausschlie\u00dflich an externen Veranstaltungsorten statt.<\/strong><\/em><\/p><p data-start=\"938\" data-end=\"1035\"><strong data-start=\"938\" data-end=\"950\">Kontakt:<\/strong><br data-start=\"950\" data-end=\"953\" \/>Telefon: +43 676 710 5851<br data-start=\"977\" data-end=\"980\" \/>E-Mail: <a class=\"cursor-pointer\" rel=\"noopener\" data-start=\"988\" data-end=\"1008\">agi@orienta.hu<\/a><br data-start=\"1008\" data-end=\"1011\" \/>Web: <a class=\"cursor-pointer\" target=\"_new\" rel=\"noopener\" data-start=\"1016\" data-end=\"1035\">orienta.hu\/at<\/a><\/p><p data-start=\"1286\" data-end=\"1536\"><strong data-start=\"1286\" data-end=\"1309\"><br \/>Haftungsausschluss:<\/strong><br data-start=\"1309\" data-end=\"1312\" \/>Alle Inhalte dieser Website wurden sorgf\u00e4ltig gepr\u00fcft. Dennoch kann keine Garantie f\u00fcr die Richtigkeit, Vollst\u00e4ndigkeit und Aktualit\u00e4t \u00fcbernommen werden.<br data-start=\"1465\" data-end=\"1468\" \/>Links zu externen Seiten liegen au\u00dferhalb unseres Einflussbereiches.\u00a0<\/p><p><strong data-start=\"44\" data-end=\"66\">Felel\u0151ss\u00e9gkiz\u00e1r\u00e1s:<\/strong><br data-start=\"66\" data-end=\"69\" \/>A weboldalon tal\u00e1lhat\u00f3 \u00f6sszes tartalmat gondosan ellen\u0151rizt\u00fck. Ennek ellen\u00e9re nem v\u00e1llalunk garanci\u00e1t azok helyess\u00e9g\u00e9\u00e9rt, teljess\u00e9g\u00e9\u00e9rt vagy id\u0151szer\u0171s\u00e9g\u00e9\u00e9rt.<br data-start=\"226\" data-end=\"229\" data-is-only-node=\"\" \/>Az ezen az oldalon tal\u00e1lhat\u00f3 k\u00fcls\u0151 hivatkoz\u00e1sok (linkek) tartalma k\u00edv\u00fcl esik a befoly\u00e1sunkon.\u00a0<\/p><p><em><strong data-start=\"69\" data-end=\"88\">Figyelmeztet\u00e9s:<\/strong> A fent megadott c\u00edm nem az \u00f3r\u00e1k helysz\u00edne. A j\u00f3ga\u00f3r\u00e1k kiz\u00e1r\u00f3lag k\u00fcls\u0151 helysz\u00edneken ker\u00fclnek megtart\u00e1sra.<\/em><\/p>\t\t\t\t\t\t\t\t<\/div>\n\t\t\t\t<\/div>\n\t\t\t\t\t<\/div>\n\t\t\t\t<\/div>\n\t\t\t\t<\/div>\n\t\t","protected":false},"excerpt":{"rendered":"<p>Impresszum Angaben gem\u00e4\u00df \u00a7 5 ECG (E-Commerce Gesetz) und Offenlegungspflicht gem\u00e4\u00df \u00a7 25 MedienG: Name:Agnes Kovacs BA MA Unternehmensform:Einzelunternehmerin (EPU) \u2013 neue Selbst\u00e4ndigeKleinunternehmerin gem\u00e4\u00df \u00a7 6 Abs. 1 Z 27 UStG (von der Umsatzsteuer befreit) T\u00e4tigkeit:Yogaunterricht (freiberuflich) Adresse:\u00a0Florianistra\u00dfe 3\/14551 Ried im Traunkreis\u00a0\u00d6sterreich\u00a0Hinweis: Die angegebene Adresse ist keine Kursadresse. Yogaeinheiten finden ausschlie\u00dflich an externen Veranstaltungsorten statt. [&hellip;]<\/p>\n","protected":false},"author":1,"featured_media":0,"parent":0,"menu_order":0,"comment_status":"closed","ping_status":"closed","template":"","meta":{"site-sidebar-layout":"no-sidebar","site-content-layout":"page-builder","ast-site-content-layout":"full-width-container","site-content-style":"default","site-sidebar-style":"default","ast-global-header-display":"","ast-banner-title-visibility":"","ast-main-header-display":"","ast-hfb-above-header-display":"","ast-hfb-below-header-display":"","ast-hfb-mobile-header-display":"","site-post-title":"disabled","ast-breadcrumbs-content":"","ast-featured-img":"disabled","footer-sml-layout":"","ast-disable-related-posts":"","theme-transparent-header-meta":"","adv-header-id-meta":"","stick-header-meta":"","header-above-stick-meta":"","header-main-stick-meta":"","header-below-stick-meta":"","astra-migrate-meta-layouts":"set","ast-page-background-enabled":"default","ast-page-background-meta":{"desktop":{"background-color":"","background-image":"","background-repeat":"repeat","background-position":"center center","background-size":"auto","background-attachment":"scroll","background-type":"","background-media":"","overlay-type":"","overlay-color":"","overlay-opacity":"","overlay-gradient":""},"tablet":{"background-color":"","background-image":"","background-repeat":"repeat","background-position":"center center","background-size":"auto","background-attachment":"scroll","background-type":"","background-media":"","overlay-type":"","overlay-color":"","overlay-opacity":"","overlay-gradient":""},"mobile":{"background-color":"","background-image":"","background-repeat":"repeat","background-position":"center center","background-size":"auto","background-attachment":"scroll","background-type":"","background-media":"","overlay-type":"","overlay-color":"","overlay-opacity":"","overlay-gradient":""}},"ast-content-background-meta":{"desktop":{"background-color":"var(--ast-global-color-5)","background-image":"","background-repeat":"repeat","background-position":"center center","background-size":"auto","background-attachment":"scroll","background-type":"","background-media":"","overlay-type":"","overlay-color":"","overlay-opacity":"","overlay-gradient":""},"tablet":{"background-color":"var(--ast-global-color-5)","background-image":"","background-repeat":"repeat","background-position":"center center","background-size":"auto","background-attachment":"scroll","background-type":"","background-media":"","overlay-type":"","overlay-color":"","overlay-opacity":"","overlay-gradient":""},"mobile":{"background-color":"var(--ast-global-color-5)","background-image":"","background-repeat":"repeat","background-position":"center center","background-size":"auto","background-attachment":"scroll","background-type":"","background-media":"","overlay-type":"","overlay-color":"","overlay-opacity":"","overlay-gradient":""}},"footnotes":""},"class_list":["post-1202","page","type-page","status-publish","hentry"],"_links":{"self":[{"href":"https:\/\/orienta.hu\/at\/wp-json\/wp\/v2\/pages\/1202","targetHints":{"allow":["GET"]}}],"collection":[{"href":"https:\/\/orienta.hu\/at\/wp-json\/wp\/v2\/pages"}],"about":[{"href":"https:\/\/orienta.hu\/at\/wp-json\/wp\/v2\/types\/page"}],"author":[{"embeddable":true,"href":"https:\/\/orienta.hu\/at\/wp-json\/wp\/v2\/users\/1"}],"replies":[{"embeddable":true,"href":"https:\/\/orienta.hu\/at\/wp-json\/wp\/v2\/comments?post=1202"}],"version-history":[{"count":0,"href":"https:\/\/orienta.hu\/at\/wp-json\/wp\/v2\/pages\/1202\/revisions"}],"wp:attachment":[{"href":"https:\/\/orienta.hu\/at\/wp-json\/wp\/v2\/media?parent=1202"}],"curies":[{"name":"wp","href":"https:\/\/api.w.org\/{rel}","templated":true}]}}