{"id":2267,"date":"2026-01-15T10:56:47","date_gmt":"2026-01-15T08:56:47","guid":{"rendered":"https:\/\/orienta.hu\/at\/?page_id=2267"},"modified":"2026-03-16T14:30:45","modified_gmt":"2026-03-16T12:30:45","slug":"noi-mozgaskor","status":"publish","type":"page","link":"https:\/\/orienta.hu\/at\/noi-mozgaskor\/","title":{"rendered":"N\u0150I MOZG\u00c1SK\u00d6R"},"content":{"rendered":"\t\t<div data-elementor-type=\"wp-page\" data-elementor-id=\"2267\" class=\"elementor elementor-2267\">\n\t\t\t\t<div class=\"elementor-element elementor-element-df54c4f e-flex e-con-boxed e-con e-parent\" data-id=\"df54c4f\" data-element_type=\"container\" data-e-type=\"container\">\n\t\t\t\t\t<div class=\"e-con-inner\">\n\t\t\t\t<div class=\"elementor-element elementor-element-2f7b5e8 elementor-widget elementor-widget-image\" data-id=\"2f7b5e8\" data-element_type=\"widget\" data-e-type=\"widget\" data-widget_type=\"image.default\">\n\t\t\t\t<div class=\"elementor-widget-container\">\n\t\t\t\t\t\t\t\t\t\t\t\t\t\t\t<img decoding=\"async\" src=\"https:\/\/orienta.hu\/at\/wp-content\/uploads\/2026\/02\/Orienta-Noi-Mozgaskor-2026.png\" title=\"\" alt=\"Orienta magyar nyelv\u0171 n\u0151i mozg\u00e1sk\u00f6r Ausztri\u00e1ban 2026\" loading=\"lazy\" \/>\t\t\t\t\t\t\t\t\t\t\t\t\t\t\t<\/div>\n\t\t\t\t<\/div>\n\t\t\t\t\t<\/div>\n\t\t\t\t<\/div>\n\t\t<div class=\"elementor-element elementor-element-e661fc2 e-flex e-con-boxed e-con e-parent\" data-id=\"e661fc2\" data-element_type=\"container\" data-e-type=\"container\">\n\t\t\t\t\t<div class=\"e-con-inner\">\n\t\t\t\t<div class=\"elementor-element elementor-element-f8bd70d elementor-widget elementor-widget-text-editor\" data-id=\"f8bd70d\" data-element_type=\"widget\" data-e-type=\"widget\" data-widget_type=\"text-editor.default\">\n\t\t\t\t<div class=\"elementor-widget-container\">\n\t\t\t\t\t\t\t\t\t<p data-start=\"254\" data-end=\"305\"><img decoding=\"async\" class=\"emoji\" role=\"img\" draggable=\"false\" src=\"https:\/\/s.w.org\/images\/core\/emoji\/16.0.1\/svg\/1f5d3.svg\" alt=\"\ud83d\uddd3\ufe0f\" \/> \u00a0<strong data-start=\"258\" data-end=\"281\">M\u00e1rc. 28. szombat<\/strong><br data-start=\"281\" data-end=\"284\" \/><img decoding=\"async\" class=\"emoji\" role=\"img\" draggable=\"false\" src=\"https:\/\/s.w.org\/images\/core\/emoji\/16.0.1\/svg\/1f4cd.svg\" alt=\"\ud83d\udccd\" \/> \u00a0<a href=\"https:\/\/share.google\/nooX0iv4qrKleJ1NJ\" target=\"_blank\" rel=\"noopener\">Bad Schallerbach \u2022 Grieskirchner Str 7 \u2022 Samadhi Yogazentrum<\/a><\/p><div class=\"xdj266r x14z9mp xat24cr x1lziwak x1vvkbs\">\u2728\u00a0\u00a0<br \/>Elengedheted. Felt\u00f6lt\u0151dhetsz. \u00c1ramolhatsz. Kapcsol\u00f3dhatsz.\u00a0\u00a0<span class=\"html-span xexx8yu xyri2b x18d9i69 x1c1uobl x1hl2dhg x16tdsg8 x1vvkbs x3nfvp2 x1j61x8r x1fcty0u xdj266r xat24cr xm2jcoa x1mpyi22 xxymvpz xlup9mm x1kky2od\"> \ud83e\ude75<\/span><\/div><div>\u00a0<\/div><h2><strong>N\u0150I MOZG\u00c1SK\u00d6R<\/strong> \u2022 2026.03.28.<strong><br \/><\/strong><\/h2><p>09:30\u201311:00 \u2022 N\u0151i j\u00f3ga\u00a0<span class=\"html-span xexx8yu xyri2b x18d9i69 x1c1uobl x1hl2dhg x16tdsg8 x1vvkbs x3nfvp2 x1j61x8r x1fcty0u xdj266r xat24cr xm2jcoa x1mpyi22 xxymvpz xlup9mm x1kky2od\"><img decoding=\"async\" class=\"xz74otr x15mokao x1ga7v0g x16uus16 xbiv7yw\" src=\"https:\/\/static.xx.fbcdn.net\/images\/emoji.php\/v9\/td3\/1\/16\/1f9d8_200d_2640.png\" alt=\"\ud83e\uddd8\u200d\u2640\ufe0f\" width=\"16\" height=\"16\" \/><\/span><br class=\"html-br\" \/>11:00\u201311:30 \u2022 Teasz\u00fcnet, pihi, besz\u00e9lget\u00e9s\u00a0<span class=\"html-span xexx8yu xyri2b x18d9i69 x1c1uobl x1hl2dhg x16tdsg8 x1vvkbs x3nfvp2 x1j61x8r x1fcty0u xdj266r xat24cr xm2jcoa x1mpyi22 xxymvpz xlup9mm x1kky2od\"><img decoding=\"async\" class=\"xz74otr x15mokao x1ga7v0g x16uus16 xbiv7yw\" src=\"https:\/\/static.xx.fbcdn.net\/images\/emoji.php\/v9\/tb\/1\/16\/1fad6.png\" alt=\"\ud83e\uded6\" width=\"16\" height=\"16\" \/><\/span>\u00a0<span class=\"html-span xexx8yu xyri2b x18d9i69 x1c1uobl x1hl2dhg x16tdsg8 x1vvkbs x3nfvp2 x1j61x8r x1fcty0u xdj266r xat24cr xm2jcoa x1mpyi22 xxymvpz xlup9mm x1kky2od\"><img decoding=\"async\" class=\"xz74otr x15mokao x1ga7v0g x16uus16 xbiv7yw\" src=\"https:\/\/static.xx.fbcdn.net\/images\/emoji.php\/v9\/t91\/1\/16\/2615.png\" alt=\"\u2615\ufe0f\" width=\"16\" height=\"16\" \/><\/span><br class=\"html-br\" \/>11:30\u201312:30 \u2022 Orient\u00e1lis t\u00e1nc, a N\u0151is\u00e9g t\u00e1nca\u00a0<span class=\"html-span xexx8yu xyri2b x18d9i69 x1c1uobl x1hl2dhg x16tdsg8 x1vvkbs x3nfvp2 x1j61x8r x1fcty0u xdj266r xat24cr xm2jcoa x1mpyi22 xxymvpz xlup9mm x1kky2od\"><img loading=\"lazy\" decoding=\"async\" class=\"xz74otr x15mokao x1ga7v0g x16uus16 xbiv7yw\" src=\"https:\/\/static.xx.fbcdn.net\/images\/emoji.php\/v9\/tc7\/1\/16\/1f483.png\" alt=\"\ud83d\udc83\" width=\"16\" height=\"16\" \/><\/span> \u00a0<\/p><p>A j\u00f3ga\u00f3r\u00e1t z\u00e1r\u00f3 relax\u00e1ci\u00f3 ut\u00e1n felt\u00f6lt\u0151dve, lesz az \u00f3r\u00e1k k\u00f6z\u00f6tt 30 perced pihenni, besz\u00e9lgetni.\u00a0<br \/><em>Hozhatod Magaddal a kedvenc b\u00f6gr\u00e9det!\u00a0 <\/em>\ud83d\ude09\u00a0<\/p><div class=\"x14z9mp xat24cr x1lziwak x1vvkbs xtlvy1s\"><p><strong>D\u00edja:<\/strong><br class=\"html-br\" \/>\u00a036 \u20ac\u00a0 vagy b\u00e9rlettel 2 pecs\u00e9t\u00a0\u00a0<br \/>Csak j\u00f3ga\/t\u00e1nc:\u00a0 18 \u20ac vagy b\u00e9rlettel 1 pecs\u00e9t\u00a0<\/p><\/div><div class=\"x14z9mp xat24cr x1lziwak x1vvkbs xtlvy1s\"><p>L\u00e9tsz\u00e1m: max. 10 f\u0151<\/p><p>A n\u0151i mozg\u00e1sk\u00f6r helysz\u00edne a csodasz\u00e9p Samadhi st\u00fadi\u00f3:<\/p><\/div>\t\t\t\t\t\t\t\t<\/div>\n\t\t\t\t<\/div>\n\t\t\t\t<div class=\"elementor-element elementor-element-7c6a408 elementor-widget elementor-widget-image\" data-id=\"7c6a408\" data-element_type=\"widget\" data-e-type=\"widget\" data-widget_type=\"image.default\">\n\t\t\t\t<div class=\"elementor-widget-container\">\n\t\t\t\t\t\t\t\t\t\t\t\t<figure class=\"wp-caption\">\n\t\t\t\t\t\t\t\t\t\t<img loading=\"lazy\" decoding=\"async\" width=\"768\" height=\"446\" src=\"https:\/\/orienta.hu\/at\/wp-content\/uploads\/2025\/10\/Samadhi-jogastudio-Bad-Schallerbach-768x446.jpg\" class=\"attachment-medium_large size-medium_large wp-image-1892\" alt=\"samadhi jogastudio bad schallerbach\" srcset=\"https:\/\/orienta.hu\/at\/wp-content\/uploads\/2025\/10\/Samadhi-jogastudio-Bad-Schallerbach-768x446.jpg.webp 768w, https:\/\/orienta.hu\/at\/wp-content\/uploads\/2025\/10\/Samadhi-jogastudio-Bad-Schallerbach-300x174.jpg.webp 300w, https:\/\/orienta.hu\/at\/wp-content\/uploads\/2025\/10\/Samadhi-jogastudio-Bad-Schallerbach-1024x595.jpg.webp 1024w, https:\/\/orienta.hu\/at\/wp-content\/uploads\/2025\/10\/Samadhi-jogastudio-Bad-Schallerbach-1536x892.jpg.webp 1536w, https:\/\/orienta.hu\/at\/wp-content\/uploads\/2025\/10\/Samadhi-jogastudio-Bad-Schallerbach.jpg.webp 1965w\" sizes=\"(max-width: 768px) 100vw, 768px\" \/>\t\t\t\t\t\t\t\t\t\t\t<figcaption class=\"widget-image-caption wp-caption-text\">\ud83d\udccd Bad Schallerbach \u2022 Grieskirchner Str 7 \u2022 Samadhi<\/figcaption>\n\t\t\t\t\t\t\t\t\t\t<\/figure>\n\t\t\t\t\t\t\t\t\t<\/div>\n\t\t\t\t<\/div>\n\t\t\t\t<div class=\"elementor-element elementor-element-fa1729d elementor-widget elementor-widget-spacer\" data-id=\"fa1729d\" data-element_type=\"widget\" data-e-type=\"widget\" data-widget_type=\"spacer.default\">\n\t\t\t\t<div class=\"elementor-widget-container\">\n\t\t\t\t\t\t\t<div class=\"elementor-spacer\">\n\t\t\t<div class=\"elementor-spacer-inner\"><\/div>\n\t\t<\/div>\n\t\t\t\t\t\t<\/div>\n\t\t\t\t<\/div>\n\t\t\t\t\t<\/div>\n\t\t\t\t<\/div>\n\t\t<div class=\"elementor-element elementor-element-94d43a1 e-flex e-con-boxed e-con e-parent\" data-id=\"94d43a1\" data-element_type=\"container\" data-e-type=\"container\">\n\t\t\t\t\t<div class=\"e-con-inner\">\n\t\t\t\t<div class=\"elementor-element elementor-element-5bbf687 elementor-align-center elementor-widget elementor-widget-button\" data-id=\"5bbf687\" data-element_type=\"widget\" data-e-type=\"widget\" data-widget_type=\"button.default\">\n\t\t\t\t<div class=\"elementor-widget-container\">\n\t\t\t\t\t\t\t\t\t<div class=\"elementor-button-wrapper\">\n\t\t\t\t\t<a class=\"elementor-button elementor-button-link elementor-size-sm\" href=\"mailto:agi@orienta.hu?subject=Foglal\u00e1s%20|%20N\u0151i%20Mozg\u00e1sk\u00f6r%20(febr.%2028.)%20&#038;body=Sz\u00e1ml\u00e1z\u00e1si%20n\u00e9v:%0ATelefon:%0AV\u00e1lasztott%20opci\u00f3:%20%5BJ\u00f3ga%20\u00e9s%20t\u00e1nc%2036\u20ac\/2%20b\u00e9rletpecs\u00e9t%20\/%20csak%20j\u00f3ga%2018%20\u20ac\/1%20b\u00e9rletpecs\u00e9t%20\/%20csak%20t\u00e1nc18\u20ac\/1%20b\u00e9rletpecs\u00e9t%5D%0AMegjegyz\u00e9s:\" target=\"_blank\">\n\t\t\t\t\t\t<span class=\"elementor-button-content-wrapper\">\n\t\t\t\t\t\t\t\t\t<span class=\"elementor-button-text\">Lefoglalom a 10 hely egyik\u00e9t!<\/span>\n\t\t\t\t\t<\/span>\n\t\t\t\t\t<\/a>\n\t\t\t\t<\/div>\n\t\t\t\t\t\t\t\t<\/div>\n\t\t\t\t<\/div>\n\t\t\t\t\t<\/div>\n\t\t\t\t<\/div>\n\t\t<div class=\"elementor-element elementor-element-b072f8f e-flex e-con-boxed e-con e-parent\" data-id=\"b072f8f\" data-element_type=\"container\" data-e-type=\"container\">\n\t\t\t\t\t<div class=\"e-con-inner\">\n\t\t\t\t<div class=\"elementor-element elementor-element-67db938 elementor-widget elementor-widget-text-editor\" data-id=\"67db938\" data-element_type=\"widget\" data-e-type=\"widget\" data-widget_type=\"text-editor.default\">\n\t\t\t\t<div class=\"elementor-widget-container\">\n\t\t\t\t\t\t\t\t\t<p><br \/><strong>Szeretn\u00e9l kikapcsol\u00f3dni, felt\u00f6lt\u0151dni\u00a0 <\/strong>a j\u00f3ga\u00e1szan\u00e1kkal? <br \/>\u00c9s sz\u00f3rakozva elsaj\u00e1t\u00edtani (vagy t\u00f6k\u00e9letes\u00edteni) egy csod\u00e1latos, \u00e9vezredek \u00f3ta \u00e9l\u0151, n\u0151i mozg\u00e1skult\u00far\u00e1t?\u00a0<\/p><p><strong>Mi\u00e9rt j\u00f3 ez Neked?<\/strong><br \/>\u2713 sz\u00e9p\u00fclhet a testtart\u00e1sod,<br \/>\u2713 meg\u00e9lheted a tested \u00e9s a lelked harm\u00f3ni\u00e1j\u00e1t,<br \/>\u2713 gy\u00f6ny\u00f6r\u0171 n\u0151ies mozdulatokat saj\u00e1t\u00edthatsz el,<br \/>\u2713 a testedet egy \u00faj, csod\u00e1s m\u00f3don ismerheted meg az orient\u00e1lis t\u00e1nc mozdulatai \u00e1ltal.<br \/>\u2713 Kecsesebb lehet a mozg\u00e1sod,<br \/>\u2713 enyh\u00fclhet vagy meg is sz\u0171nhet a h\u00e1t-\/der\u00e9kf\u00e1j\u00e1sod,<br \/>\u2713 mik\u00f6zben \u00e1tmozgatod a testedet tet\u0151t\u0151l talpig<br \/>\u2713 kapcsolatba ker\u00fclhetsz az \u00d6nval\u00f3ddal.\u00a0<\/p><p><img loading=\"lazy\" decoding=\"async\" class=\"size-full wp-image-1094 aligncenter\" src=\"https:\/\/orienta.hu\/at\/wp-content\/uploads\/2025\/07\/Orienta-Noi-Joga-logo.png\" alt=\"orienta n\u0151i j\u00f3ga logo\" width=\"128\" height=\"128\" srcset=\"https:\/\/orienta.hu\/at\/wp-content\/uploads\/2025\/07\/Orienta-Noi-Joga-logo.png 128w, https:\/\/orienta.hu\/at\/wp-content\/uploads\/2025\/07\/Orienta-Noi-Joga-logo-100x100.png 100w, https:\/\/orienta.hu\/at\/wp-content\/uploads\/2025\/07\/elementor\/thumbs\/Orienta-Noi-Joga-logo-rdkywbidytxky8xgmlyvcbjckoz871k44wlregl2d4.png 108w\" sizes=\"(max-width: 128px) 100vw, 128px\" \/><\/p><p><strong>Neked val\u00f3?<\/strong><br \/>\u2665 A n\u0151i mozg\u00e1sk\u00f6r ny\u00edlt szint\u0171.<br \/>Kezd\u0151k\u00e9nt remek lehet\u0151s\u00e9g az alapoz\u00e1sra, halad\u00f3k\u00e9nt a gyakorl\u00e1sra, \u00e9s mindenkinek az \u00faj \u00e9lm\u00e9nyekre.<br \/>A r\u00e9sztvev\u0151k k\u00f6z\u00f6tt kezd\u0151k \u00e9s halad\u00f3k is lesznek. Egy-egy mozdulatnak az egyszer\u0171bb vagy \u00f6sszetettebb verzi\u00f3j\u00e1t is v\u00e1laszthatod, saj\u00e1t tapasztalataidnak megfelel\u0151en.\u00a0<\/p><p><img loading=\"lazy\" decoding=\"async\" class=\"size-full wp-image-1094 aligncenter\" src=\"https:\/\/orienta.hu\/at\/wp-content\/uploads\/2025\/07\/Orienta-Noi-Joga-logo.png\" alt=\"orienta n\u0151i j\u00f3ga logo\" width=\"128\" height=\"128\" srcset=\"https:\/\/orienta.hu\/at\/wp-content\/uploads\/2025\/07\/Orienta-Noi-Joga-logo.png 128w, https:\/\/orienta.hu\/at\/wp-content\/uploads\/2025\/07\/Orienta-Noi-Joga-logo-100x100.png 100w, https:\/\/orienta.hu\/at\/wp-content\/uploads\/2025\/07\/elementor\/thumbs\/Orienta-Noi-Joga-logo-rdkywbidytxky8xgmlyvcbjckoz871k44wlregl2d4.png 108w\" sizes=\"(max-width: 128px) 100vw, 128px\" \/><\/p><p><strong>MI\u00e9rt \u00e9rdemes jelentkezned?\u00a0<br \/><\/strong><br \/>\u2022 Teljes \u00e9lm\u00e9nyt k\u00edn\u00e1lok:<br \/>nem csak a j\u00f3ga\u00e1szan\u00e1kat \u00e9s t\u00e1ncmozdulatokat saj\u00e1t\u00edthatod el. Szeretn\u00e9m, ha k\u00f6zben kikapcsol\u00f3dn\u00e1l \u00e9s felt\u00f6lt\u0151dn\u00e9l.\u00a0<br \/>Ezt t\u00e1mogatj\u00e1k az aromater\u00e1pi\u00e1s, j\u00f3t\u00e9kony hat\u00e1s\u00fa, r\u00e1cson f\u00fcst\u00f6lt tiszta n\u00f6v\u00e9nyi gyantakever\u00e9kek, vir\u00e1gok, gy\u00f3gyn\u00f6v\u00e9nyek.\u00a0<\/p><p>\u2022 Ilyen magyar nyelv\u0171 esem\u00e9ny nincsen a k\u00f6rny\u00e9ken.\u00a0<\/p><p>\u2022 Sokoldal\u00faan k\u00e9pzett, gerincbar\u00e1t szeml\u00e9let\u0171 oktat\u00f3t\u00f3l tanulhatsz.\u00a0\u00a0<\/p><p><strong>V\u00e9lem\u00e9nyek kor\u00e1bbi r\u00e9sztvev\u0151kt\u0151l<\/strong>:\u00a0<\/p><p><img loading=\"lazy\" decoding=\"async\" class=\"alignnone wp-image-1882\" src=\"https:\/\/orienta.hu\/at\/wp-content\/uploads\/2025\/10\/velemenyek-2025-09-1024x1024.jpg\" alt=\"v\u00e9lem\u00e9nyek 2025 09\" width=\"530\" height=\"530\" srcset=\"https:\/\/orienta.hu\/at\/wp-content\/uploads\/2025\/10\/velemenyek-2025-09-1024x1024.jpg 1024w, https:\/\/orienta.hu\/at\/wp-content\/uploads\/2025\/10\/velemenyek-2025-09-300x300.jpg 300w, https:\/\/orienta.hu\/at\/wp-content\/uploads\/2025\/10\/velemenyek-2025-09-150x150.jpg 150w, https:\/\/orienta.hu\/at\/wp-content\/uploads\/2025\/10\/velemenyek-2025-09-768x768.jpg 768w, https:\/\/orienta.hu\/at\/wp-content\/uploads\/2025\/10\/velemenyek-2025-09-100x100.jpg 100w, https:\/\/orienta.hu\/at\/wp-content\/uploads\/2025\/10\/velemenyek-2025-09-200x200.jpg 200w, https:\/\/orienta.hu\/at\/wp-content\/uploads\/2025\/10\/velemenyek-2025-09-400x400.jpg 400w, https:\/\/orienta.hu\/at\/wp-content\/uploads\/2025\/10\/velemenyek-2025-09-500x500.jpg 500w, https:\/\/orienta.hu\/at\/wp-content\/uploads\/2025\/10\/velemenyek-2025-09.jpg 1440w\" sizes=\"(max-width: 530px) 100vw, 530px\" \/><\/p>\t\t\t\t\t\t\t\t<\/div>\n\t\t\t\t<\/div>\n\t\t\t\t\t<\/div>\n\t\t\t\t<\/div>\n\t\t<div class=\"elementor-element elementor-element-f091f36 e-flex e-con-boxed e-con e-parent\" data-id=\"f091f36\" data-element_type=\"container\" data-e-type=\"container\">\n\t\t\t\t\t<div class=\"e-con-inner\">\n\t\t<div class=\"elementor-element elementor-element-6b38ce8 e-con-full e-flex e-con e-child\" data-id=\"6b38ce8\" data-element_type=\"container\" data-e-type=\"container\">\n\t\t\t\t<div class=\"elementor-element elementor-element-3c338f1 elementor-align-center elementor-widget elementor-widget-button\" data-id=\"3c338f1\" data-element_type=\"widget\" data-e-type=\"widget\" data-widget_type=\"button.default\">\n\t\t\t\t<div class=\"elementor-widget-container\">\n\t\t\t\t\t\t\t\t\t<div class=\"elementor-button-wrapper\">\n\t\t\t\t\t<a class=\"elementor-button elementor-button-link elementor-size-sm\" href=\"mailto:agi@orienta.hu?subject=Foglal\u00e1s%20|%20N\u0151i%20Mozg\u00e1sk\u00f6r%20(febr.%2028.)%20&#038;body=Sz\u00e1ml\u00e1z\u00e1si%20n\u00e9v:%0ATelefon:%0AV\u00e1lasztott%20opci\u00f3:%20%5BJ\u00f3ga%20\u00e9s%20t\u00e1nc%2036\u20ac\/2%20b\u00e9rletpecs\u00e9t%20\/%20csak%20j\u00f3ga%2018%20\u20ac\/1%20b\u00e9rletpecs\u00e9t%20\/%20csak%20t\u00e1nc18\u20ac\/1%20b\u00e9rletpecs\u00e9t%5D%0AMegjegyz\u00e9s:\" target=\"_blank\">\n\t\t\t\t\t\t<span class=\"elementor-button-content-wrapper\">\n\t\t\t\t\t\t\t\t\t<span class=\"elementor-button-text\">Lefoglalom a 10 hely egyik\u00e9t!<\/span>\n\t\t\t\t\t<\/span>\n\t\t\t\t\t<\/a>\n\t\t\t\t<\/div>\n\t\t\t\t\t\t\t\t<\/div>\n\t\t\t\t<\/div>\n\t\t\t\t<\/div>\n\t\t\t\t\t<\/div>\n\t\t\t\t<\/div>\n\t\t<div class=\"elementor-element elementor-element-1712e65 e-flex e-con-boxed e-con e-parent\" data-id=\"1712e65\" data-element_type=\"container\" data-e-type=\"container\">\n\t\t\t\t\t<div class=\"e-con-inner\">\n\t\t\t\t<div class=\"elementor-element elementor-element-210265c elementor-widget elementor-widget-text-editor\" data-id=\"210265c\" data-element_type=\"widget\" data-e-type=\"widget\" data-widget_type=\"text-editor.default\">\n\t\t\t\t<div class=\"elementor-widget-container\">\n\t\t\t\t\t\t\t\t\t<p><img loading=\"lazy\" decoding=\"async\" class=\"size-thumbnail wp-image-1973 alignleft\" src=\"https:\/\/orienta.hu\/at\/wp-content\/uploads\/2025\/10\/508398991_3157715077702014_1816130791250717033_n-150x150.jpg\" alt=\"Orienta Tanztraining\" width=\"150\" height=\"150\" srcset=\"https:\/\/orienta.hu\/at\/wp-content\/uploads\/2025\/10\/508398991_3157715077702014_1816130791250717033_n-150x150.jpg 150w, https:\/\/orienta.hu\/at\/wp-content\/uploads\/2025\/10\/508398991_3157715077702014_1816130791250717033_n-100x100.jpg 100w, https:\/\/orienta.hu\/at\/wp-content\/uploads\/2025\/10\/508398991_3157715077702014_1816130791250717033_n-200x200.jpg 200w, https:\/\/orienta.hu\/at\/wp-content\/uploads\/2025\/10\/508398991_3157715077702014_1816130791250717033_n-300x300.jpg 300w, https:\/\/orienta.hu\/at\/wp-content\/uploads\/2025\/10\/508398991_3157715077702014_1816130791250717033_n-400x400.jpg 400w, https:\/\/orienta.hu\/at\/wp-content\/uploads\/2025\/10\/508398991_3157715077702014_1816130791250717033_n-500x500.jpg 500w\" sizes=\"(max-width: 150px) 100vw, 150px\" \/><strong>Mi t\u00f6rt\u00e9nik a t\u00e1ncon?\u00a0<\/strong><br \/>1. \u00c1tmozgatjuk minden izomcsoportunkat j\u00f3les\u0151 bemeleg\u00edt\u00e9ssel.<br \/>2. Orient\u00e1lis t\u00e1ncmozdulatokban \u00e1ramlunk.<br \/>3. Kombin\u00e1ci\u00f3kban t\u00e1ncc\u00e1 f\u0171zz\u00fck \u0151ket.\u00a0<br \/>4. J\u00f3ga\u00e1szan\u00e1k seg\u00edts\u00e9g\u00e9vel ny\u00fajtunk \u00e9s relax\u00e1lunk.\u00a0<br \/>5. Felt\u00f6lt\u0151dve, sug\u00e1rz\u00f3an t\u00e1vozunk.\u00a0<img decoding=\"async\" class=\"emoji\" role=\"img\" draggable=\"false\" src=\"https:\/\/s.w.org\/images\/core\/emoji\/15.0.3\/svg\/2728.svg\" alt=\"\u2728\" \/><em><br \/><\/em><\/p>\t\t\t\t\t\t\t\t<\/div>\n\t\t\t\t<\/div>\n\t\t\t\t\t<\/div>\n\t\t\t\t<\/div>\n\t\t<div class=\"elementor-element elementor-element-96cc6d0 e-flex e-con-boxed e-con e-parent\" data-id=\"96cc6d0\" data-element_type=\"container\" data-e-type=\"container\">\n\t\t\t\t\t<div class=\"e-con-inner\">\n\t\t\t\t<div class=\"elementor-element elementor-element-98c1052 elementor-widget elementor-widget-text-editor\" data-id=\"98c1052\" data-element_type=\"widget\" data-e-type=\"widget\" data-widget_type=\"text-editor.default\">\n\t\t\t\t<div class=\"elementor-widget-container\">\n\t\t\t\t\t\t\t\t\t<p>Az <strong>agi(kukac)orienta.hu<\/strong> mailc\u00edmre \u00edrva <strong>jelentkezhetsz 2026.03.26. d\u00e9lig<\/strong>,<br \/>kb. 48 \u00f3r\u00e1n bel\u00fcl k\u00fcld\u00f6k v\u00e1laszt.\u00a0\u00a0<\/p><p>Helyedet 2 b\u00e9rletpecs\u00e9ttel, vagy az esem\u00e9ny \u00e1r\u00e1nak (36 \u20ac) elutal\u00e1s\u00e1val tudod biztos\u00edtani.\u00a0\u00a0<br \/>\ud83c\udf9f\ufe0f A j\u00f3g\u00e1ra \u00e9s a t\u00e1ncra k\u00fcl\u00f6n-k\u00fcl\u00f6n is j\u00f6hetsz (18 \u20ac\/foglalkoz\u00e1s), de a kett\u0151 egy\u00fctt adja a teljesebb \u00e9lm\u00e9nyt.\u00a0\u00a0<\/p><p>A jegyed lemond\u00e1s eset\u00e9n \u00e1tadhat\u00f3 \/ j\u00f3v\u00e1\u00edrhat\u00f3 k\u00e9s\u0151bbi alkalomra 2026.04.28-ig.\u00a0<\/p><p>Hozz magaddal k\u00e9nyelmes ruh\u00e1t \u00e9s nyitott sz\u00edvet, a j\u00f3gamatracot \u00e9s minden kell\u00e9ket a helysz\u00ednen tal\u00e1sz.\u00a0<\/p><p><strong>Aj\u00e1nd\u00e9kozz Magadnak egy sz\u00e9p, testedet-lelkedet \u00fcd\u00edt\u0151 \u00e9lm\u00e9nyt!<\/strong> \u2764\ufe0f<\/p>\t\t\t\t\t\t\t\t<\/div>\n\t\t\t\t<\/div>\n\t\t\t\t<div class=\"elementor-element elementor-element-917df81 elementor-align-center elementor-widget elementor-widget-button\" data-id=\"917df81\" data-element_type=\"widget\" data-e-type=\"widget\" data-widget_type=\"button.default\">\n\t\t\t\t<div class=\"elementor-widget-container\">\n\t\t\t\t\t\t\t\t\t<div class=\"elementor-button-wrapper\">\n\t\t\t\t\t<a class=\"elementor-button elementor-button-link elementor-size-sm\" href=\"mailto:agi@orienta.hu?subject=Foglal\u00e1s%20|%20N\u0151i%20Mozg\u00e1sk\u00f6r%20(febr.%2028.)%20&#038;body=Sz\u00e1ml\u00e1z\u00e1si%20n\u00e9v:%0ATelefon:%0AV\u00e1lasztott%20opci\u00f3:%20%5BJ\u00f3ga%20\u00e9s%20t\u00e1nc%2036\u20ac\/2%20b\u00e9rletpecs\u00e9t%20\/%20csak%20j\u00f3ga%2018%20\u20ac\/1%20b\u00e9rletpecs\u00e9t%20\/%20csak%20t\u00e1nc18\u20ac\/1%20b\u00e9rletpecs\u00e9t%5D%0AMegjegyz\u00e9s:\" target=\"_blank\">\n\t\t\t\t\t\t<span class=\"elementor-button-content-wrapper\">\n\t\t\t\t\t\t\t\t\t<span class=\"elementor-button-text\">Lefoglalom a 10 hely egyik\u00e9t!<\/span>\n\t\t\t\t\t<\/span>\n\t\t\t\t\t<\/a>\n\t\t\t\t<\/div>\n\t\t\t\t\t\t\t\t<\/div>\n\t\t\t\t<\/div>\n\t\t\t\t<div class=\"elementor-element elementor-element-0402d32 elementor-widget elementor-widget-text-editor\" data-id=\"0402d32\" data-element_type=\"widget\" data-e-type=\"widget\" data-widget_type=\"text-editor.default\">\n\t\t\t\t<div class=\"elementor-widget-container\">\n\t\t\t\t\t\t\t\t\t<p>V\u00e1rlak szeretettel,&nbsp;<br>kellemes j\u00f3ga- \u00e9s t\u00e1nc\u00e9lm\u00e9nyeket k\u00edv\u00e1nok! \ud83d\ude42&nbsp;<\/p>\n<p>Kov\u00e1cs \u00c1gi<br>orient\u00e1lis folkl\u00f3r, showhast\u00e1nc \u00e9s bellyfit mozg\u00e1str\u00e9ning oktat\u00f3<br>gerincprevenci\u00f3s tr\u00e9ner<br>n\u0151i j\u00f3gaoktat\u00f3<br>csoportos fitness instruktor<\/p>\t\t\t\t\t\t\t\t<\/div>\n\t\t\t\t<\/div>\n\t\t\t\t\t<\/div>\n\t\t\t\t<\/div>\n\t\t\t\t<\/div>\n\t\t","protected":false},"excerpt":{"rendered":"<p>\u00a0M\u00e1rc. 28. szombat \u00a0Bad Schallerbach \u2022 Grieskirchner Str 7 \u2022 Samadhi Yogazentrum \u2728\u00a0\u00a0Elengedheted. Felt\u00f6lt\u0151dhetsz. \u00c1ramolhatsz. Kapcsol\u00f3dhatsz.\u00a0\u00a0 \ud83e\ude75\u00a0 N\u0150I MOZG\u00c1SK\u00d6R \u2022 2026.03.28. 09:30\u201311:00 \u2022 N\u0151i j\u00f3ga\u00a011:00\u201311:30 \u2022 Teasz\u00fcnet, pihi, besz\u00e9lget\u00e9s\u00a0\u00a011:30\u201312:30 \u2022 Orient\u00e1lis t\u00e1nc, a N\u0151is\u00e9g t\u00e1nca\u00a0 \u00a0 A j\u00f3ga\u00f3r\u00e1t z\u00e1r\u00f3 relax\u00e1ci\u00f3 ut\u00e1n felt\u00f6lt\u0151dve, lesz az \u00f3r\u00e1k k\u00f6z\u00f6tt 30 perced pihenni, besz\u00e9lgetni.\u00a0Hozhatod Magaddal a kedvenc b\u00f6gr\u00e9det!\u00a0 \ud83d\ude09\u00a0 [&hellip;]<\/p>\n","protected":false},"author":1,"featured_media":2401,"parent":0,"menu_order":0,"comment_status":"closed","ping_status":"closed","template":"","meta":{"site-sidebar-layout":"no-sidebar","site-content-layout":"page-builder","ast-site-content-layout":"full-width-container","site-content-style":"default","site-sidebar-style":"default","ast-global-header-display":"","ast-banner-title-visibility":"","ast-main-header-display":"","ast-hfb-above-header-display":"","ast-hfb-below-header-display":"","ast-hfb-mobile-header-display":"","site-post-title":"","ast-breadcrumbs-content":"","ast-featured-img":"disabled","footer-sml-layout":"","ast-disable-related-posts":"","theme-transparent-header-meta":"","adv-header-id-meta":"","stick-header-meta":"","header-above-stick-meta":"","header-main-stick-meta":"","header-below-stick-meta":"","astra-migrate-meta-layouts":"set","ast-page-background-enabled":"default","ast-page-background-meta":{"desktop":{"background-color":"","background-image":"","background-repeat":"repeat","background-position":"center center","background-size":"auto","background-attachment":"scroll","background-type":"","background-media":"","overlay-type":"","overlay-color":"","overlay-opacity":"","overlay-gradient":""},"tablet":{"background-color":"","background-image":"","background-repeat":"repeat","background-position":"center center","background-size":"auto","background-attachment":"scroll","background-type":"","background-media":"","overlay-type":"","overlay-color":"","overlay-opacity":"","overlay-gradient":""},"mobile":{"background-color":"","background-image":"","background-repeat":"repeat","background-position":"center center","background-size":"auto","background-attachment":"scroll","background-type":"","background-media":"","overlay-type":"","overlay-color":"","overlay-opacity":"","overlay-gradient":""}},"ast-content-background-meta":{"desktop":{"background-color":"var(--ast-global-color-5)","background-image":"","background-repeat":"repeat","background-position":"center center","background-size":"auto","background-attachment":"scroll","background-type":"","background-media":"","overlay-type":"","overlay-color":"","overlay-opacity":"","overlay-gradient":""},"tablet":{"background-color":"var(--ast-global-color-5)","background-image":"","background-repeat":"repeat","background-position":"center center","background-size":"auto","background-attachment":"scroll","background-type":"","background-media":"","overlay-type":"","overlay-color":"","overlay-opacity":"","overlay-gradient":""},"mobile":{"background-color":"var(--ast-global-color-5)","background-image":"","background-repeat":"repeat","background-position":"center center","background-size":"auto","background-attachment":"scroll","background-type":"","background-media":"","overlay-type":"","overlay-color":"","overlay-opacity":"","overlay-gradient":""}},"footnotes":""},"class_list":["post-2267","page","type-page","status-publish","has-post-thumbnail","hentry"],"_links":{"self":[{"href":"https:\/\/orienta.hu\/at\/wp-json\/wp\/v2\/pages\/2267","targetHints":{"allow":["GET"]}}],"collection":[{"href":"https:\/\/orienta.hu\/at\/wp-json\/wp\/v2\/pages"}],"about":[{"href":"https:\/\/orienta.hu\/at\/wp-json\/wp\/v2\/types\/page"}],"author":[{"embeddable":true,"href":"https:\/\/orienta.hu\/at\/wp-json\/wp\/v2\/users\/1"}],"replies":[{"embeddable":true,"href":"https:\/\/orienta.hu\/at\/wp-json\/wp\/v2\/comments?post=2267"}],"version-history":[{"count":37,"href":"https:\/\/orienta.hu\/at\/wp-json\/wp\/v2\/pages\/2267\/revisions"}],"predecessor-version":[{"id":2423,"href":"https:\/\/orienta.hu\/at\/wp-json\/wp\/v2\/pages\/2267\/revisions\/2423"}],"wp:featuredmedia":[{"embeddable":true,"href":"https:\/\/orienta.hu\/at\/wp-json\/wp\/v2\/media\/2401"}],"wp:attachment":[{"href":"https:\/\/orienta.hu\/at\/wp-json\/wp\/v2\/media?parent=2267"}],"curies":[{"name":"wp","href":"https:\/\/api.w.org\/{rel}","templated":true}]}}