{"id":3,"date":"2025-07-23T21:01:35","date_gmt":"2025-07-23T21:01:35","guid":{"rendered":"https:\/\/orienta.hu\/at\/?page_id=3"},"modified":"2025-09-01T15:20:23","modified_gmt":"2025-09-01T15:20:23","slug":"privacy-policy","status":"publish","type":"page","link":"https:\/\/orienta.hu\/at\/privacy-policy\/","title":{"rendered":"Privacy Policy"},"content":{"rendered":"\t\t<div data-elementor-type=\"wp-page\" data-elementor-id=\"3\" class=\"elementor elementor-3\">\n\t\t\t\t<div class=\"elementor-element elementor-element-12d1ca2c e-flex e-con-boxed e-con e-parent\" data-id=\"12d1ca2c\" data-element_type=\"container\" data-e-type=\"container\">\n\t\t\t\t\t<div class=\"e-con-inner\">\n\t\t\t\t<div class=\"elementor-element elementor-element-3236034 elementor-widget elementor-widget-text-editor\" data-id=\"3236034\" data-element_type=\"widget\" data-e-type=\"widget\" data-widget_type=\"text-editor.default\">\n\t\t\t\t<div class=\"elementor-widget-container\">\n\t\t\t\t\t\t\t\t\t<h1 id=\"adatkezelsi-tjkoztat-s-szablyzat\" class=\"font-display first:mt-xs mb-3 mt-8 text-lg font-[500] leading-[1.5em] lg:text-xl dark:font-[475]\">Adatkezel\u00e9si t\u00e1j\u00e9koztat\u00f3 \u00e9s szab\u00e1lyzat<\/h1><p class=\"my-0\"><strong>Hat\u00e1lyos: 2025.07.24-t\u0151l\u00a0<\/strong><\/p><h2 id=\"adatkezel-adatai\" class=\"mb-2 mt-6 text-base font-[500] first:mt-0 md:text-lg dark:font-[475] [hr+&amp;]:mt-4\">Adatkezel\u0151 adatai<\/h2><p class=\"my-0\"><strong>C\u00e9gn\u00e9v: <\/strong>Agnes Kovacs, BA MA<br \/><strong>Sz\u00e9khely:<\/strong> Ausztria, Ried imTraunkreis, Florianistr. 3\/1<br \/><strong>Telefonsz\u00e1m: <\/strong>+43 676 710 5851<br \/><strong>E-mail c\u00edm: <\/strong>agi(kukac)orienta.hu<br \/><strong>Kapcsolattart\u00f3: <\/strong>Agnes Kovacs, BA MA<\/p><h2 id=\"i-adatvdelmi-elvek\" class=\"mb-2 mt-6 text-base font-[500] first:mt-0 md:text-lg dark:font-[475] [hr+&amp;]:mt-4\">I. Adatv\u00e9delmi elvek<\/h2><p class=\"my-0\">\u00c9n, Kov\u00e1cs \u00c1gnes, az Orienta N\u0151i J\u00f3ga (Orienta.hu) \u00fczemeltet\u0151je, mint adatkezel\u0151, kiemelten fontosnak tartom a szem\u00e9lyes adatok v\u00e9delm\u00e9t, valamint minden olyan int\u00e9zked\u00e9st, amely az adatok biztons\u00e1g\u00e1t szolg\u00e1lja.<\/p><p class=\"my-0\">Az \u00e1ltalam kezelt adatokat harmadik f\u00e9lnek sem kereskedelmi, sem egy\u00e9b c\u00e9lb\u00f3l nem adom \u00e1t, nem teszem hozz\u00e1f\u00e9rhet\u0151v\u00e9, adatfeldolgoz\u00f3t nem veszek ig\u00e9nybe.<\/p><p class=\"my-0\">Jelen Adatkezel\u00e9si t\u00e1j\u00e9koztat\u00f3 \u00e9s szab\u00e1lyzat c\u00e9lja, hogy biztos\u00edtsa az Orienta.hu m\u0171k\u00f6d\u00e9s\u00e9vel kapcsolatos valamennyi adatkezel\u00e9s megfelel\u0151s\u00e9g\u00e9t az alkalmazand\u00f3 osztr\u00e1k \u00e9s eur\u00f3pai uni\u00f3s jogszab\u00e1lyoknak.<\/p><p class=\"my-0\">Az adatkezel\u00e9si t\u00e1j\u00e9koztat\u00f3 folyamatosan el\u00e9rhet\u0151 a foglalkoz\u00e1sok helysz\u00edn\u00e9n, valamint a\u00a0<a class=\"break-word hover:text-super hover:decoration-super underline decoration-from-font underline-offset-1 transition-all duration-300\" href=\"http:\/\/www.orienta.hu\/\" target=\"_blank\" rel=\"nofollow noopener\">www.orienta.hu<\/a>\u00a0oldalon.<\/p><p class=\"my-0\">A szem\u00e9lyes adatokat bizalmasan kezelem, \u00e9s megteszek minden olyan technikai \u00e9s szervez\u00e9si int\u00e9zked\u00e9st, amely a szem\u00e9lyes adatok biztons\u00e1g\u00e1t garant\u00e1lja. Adatkezel\u00e9si gyakorlatomat jelen t\u00e1j\u00e9koztat\u00f3 tartalmazza.<\/p><p class=\"my-0\">Adatkezel\u00e9si alapelveim \u00f6sszhangban vannak k\u00fcl\u00f6n\u00f6sen az al\u00e1bbi jogszab\u00e1lyokkal:<\/p><ul class=\"marker:text-textOff list-disc\"><li><p class=\"my-0\">az\u00a0<strong>(EU) 2016\/679 rendelet<\/strong>\u00a0\u2013 \u00c1ltal\u00e1nos Adatv\u00e9delmi Rendelet (GDPR),<\/p><\/li><li><p class=\"my-0\">a\u00a0<strong>Datenschutzgesetz (DSG, 2018. \u00e9vi osztr\u00e1k Adatv\u00e9delmi T\u00f6rv\u00e9ny)<\/strong>,<\/p><\/li><li><p class=\"my-0\">valamint az egy\u00e9b vonatkoz\u00f3 osztr\u00e1k jogszab\u00e1lyokkal.<\/p><\/li><\/ul><p class=\"my-0\">A szem\u00e9lyes adatokat kiz\u00e1r\u00f3lag a GDPR \u00e9s az osztr\u00e1k Datenschutzgesetz szerinti jogalap, valamint c\u00e9lhoz k\u00f6t\u00f6tts\u00e9g alapj\u00e1n kezelem.<\/p><p class=\"my-0\">K\u00f6telezetts\u00e9get v\u00e1llalok arra, hogy minden, szem\u00e9lyes adatok kezel\u00e9s\u00e9vel kapcsolatos adatfelv\u00e9tel megkezd\u00e9se el\u0151tt egy\u00e9rtelm\u0171 \u00e9s \u00e9rthet\u0151 t\u00e1j\u00e9koztat\u00e1st ny\u00fajtok az adatkezel\u00e9s m\u00f3dj\u00e1r\u00f3l, c\u00e9lj\u00e1r\u00f3l, az adatkezel\u0151 szem\u00e9ly\u00e9r\u0151l, \u00e9s az \u00e9rintetti jogokr\u00f3l.<\/p><p class=\"my-0\">Amennyiben az adatok eredeti c\u00e9lj\u00e1t\u00f3l elt\u00e9r\u0151 c\u00e9lra k\u00edv\u00e1nn\u00e1m felhaszn\u00e1lni a szem\u00e9lyes adatokat, err\u0151l el\u0151zetesen, egy\u00e9rtelm\u0171en t\u00e1j\u00e9koztatom az \u00e9rintettet, \u00e9s hozz\u00e1j\u00e1rul\u00e1s\u00e1t megszerzem, vagy lehet\u0151s\u00e9get biztos\u00edtok az adatok felhaszn\u00e1l\u00e1s\u00e1nak megtilt\u00e1s\u00e1ra.<\/p><h2 id=\"ii-az-adatkezels-jogalapja-clja-s-a-kezelt-adatok\" class=\"mb-2 mt-6 text-base font-[500] first:mt-0 md:text-lg dark:font-[475] [hr+&amp;]:mt-4\">II. Az adatkezel\u00e9s jogalapja, c\u00e9lja \u00e9s a kezelt adatok k\u00f6re<\/h2><p class=\"my-0\">Az adatkezel\u00e9s az \u00e9rintett hozz\u00e1j\u00e1rul\u00e1s\u00e1n alapul, az\u00a0<strong>(EU) 2016\/679 rendelet (GDPR) 6. cikk (1) bekezd\u00e9s a) pontja<\/strong>\u00a0szerint.<\/p><p class=\"my-0\">Az \u00e9rintett hozz\u00e1j\u00e1rul\u00e1s\u00e1t b\u00e1rmely adatkezel\u00e9si szakban visszavonhatja.<\/p><p class=\"my-0\">Szem\u00e9lyes adatokat kiz\u00e1r\u00f3lag egy\u00e9rtelm\u0171, meghat\u00e1rozott c\u00e9lb\u00f3l kezelek, csak a sz\u00fcks\u00e9ges m\u00e9rt\u00e9kben \u00e9s ideig.<\/p><h2 class=\"mb-xs mt-5 text-base font-[500] first:mt-0 dark:font-[475]\">Az adatkezel\u00e9s c\u00e9lja<\/h2><p class=\"my-0\">Jelentkez\u00e9s j\u00f3ga\u00f3r\u00e1kra, foglalkoz\u00e1sokra, tanfolyamokra, programokra:<\/p><ul class=\"marker:text-textOff list-disc\"><li><p class=\"my-0\">A jelentkez\u0151vel t\u00f6rt\u00e9n\u0151 kapcsolatfelv\u00e9tel \u00e9s kapcsolattart\u00e1s,<\/p><\/li><li><p class=\"my-0\">t\u00e1j\u00e9koztat\u00e1s a j\u00f3ga\u00f3r\u00e1k, tanfolyamok, foglalkoz\u00e1sok r\u00e9szleteir\u0151l (pl. id\u0151pontv\u00e1ltoz\u00e1sr\u00f3l inform\u00e1ci\u00f3k k\u00fcld\u00e9se),<\/p><\/li><li><p class=\"my-0\">illetve a jelentkez\u0151 felv\u00e9tele a N\u0151i J\u00f3ga (Orienta.hu) levelez\u0151list\u00e1ra, amelyr\u0151l b\u00e1rmikor le lehet iratkozni.<\/p><\/li><\/ul><h2 class=\"mb-xs mt-5 text-base font-[500] first:mt-0 dark:font-[475]\">A kezelt adatok k\u00f6re<\/h2><ul class=\"marker:text-textOff list-disc\"><li><p class=\"my-0\">n\u00e9v,<\/p><\/li><li><p class=\"my-0\">lakc\u00edm (amennyiben sz\u00fcks\u00e9ges),<\/p><\/li><li><p class=\"my-0\">e-mail c\u00edm.<\/p><\/li><\/ul><h2 class=\"mb-xs mt-5 text-base font-[500] first:mt-0 dark:font-[475]\">Az adatok t\u00f6rl\u00e9se<\/h2><p class=\"my-0\">A szem\u00e9lyes adatok t\u00f6rl\u00e9s\u00e9re sor ker\u00fcl, ha az \u00e9rintett leiratkozik a levelez\u0151list\u00e1r\u00f3l, vagy \u00edr\u00e1sban t\u00f6rl\u00e9si k\u00e9relmet ny\u00fajt be (e-mailben is).<\/p><h2 id=\"iii-az-adatok-tovbbtsa\" class=\"mb-2 mt-6 text-base font-[500] first:mt-0 md:text-lg dark:font-[475] [hr+&amp;]:mt-4\">III. Az adatok tov\u00e1bb\u00edt\u00e1sa<\/h2><p class=\"my-0\">Szem\u00e9lyes adatokat harmadik szem\u00e9lynek sem kereskedelmi, sem m\u00e1s c\u00e9lb\u00f3l nem adok \u00e1t, nem tov\u00e1bb\u00edtok, nem teszek hozz\u00e1f\u00e9rhet\u0151v\u00e9. Adatfeldolgoz\u00f3t nem veszek ig\u00e9nybe.<\/p><h2 id=\"iv-a-szemlyes-adatok-trolsnak-mdja\" class=\"mb-2 mt-6 text-base font-[500] first:mt-0 md:text-lg dark:font-[475] [hr+&amp;]:mt-4\">IV. A szem\u00e9lyes adatok t\u00e1rol\u00e1s\u00e1nak m\u00f3dja<\/h2><p class=\"my-0\">A kezelt adatokat olyan informatikai eszk\u00f6z\u00f6k\u00f6n, \u00e9s biztons\u00e1gi k\u00f6r\u00fclm\u00e9nyek k\u00f6z\u00f6tt t\u00e1rolom, mely megfelel a mindenkori technikai sz\u00ednvonalnak, \u00e9s v\u00e9di az adatokat a jogosulatlan hozz\u00e1f\u00e9r\u00e9s, m\u00f3dos\u00edt\u00e1s, t\u00f6rl\u00e9s, nyilv\u00e1noss\u00e1gra hozatal, s\u00e9r\u00fcl\u00e9s vagy megsemmis\u00edt\u00e9s, illetve a hozz\u00e1f\u00e9rhetetlenn\u00e9 v\u00e1l\u00e1s ellen.<\/p><p class=\"my-0\">A szem\u00e9lyes adatok csak az arra jogosultak sz\u00e1m\u00e1ra hozz\u00e1f\u00e9rhet\u0151k, biztos\u00edtott az adatok hiteless\u00e9ge, integrit\u00e1sa \u00e9s rendelkez\u00e9sre \u00e1ll\u00e1sa.<\/p><p class=\"my-0\">A v\u00e9delmi szint megfelel a GDPR-ban \u00e9s a Datenschutzgesetz-ben meghat\u00e1rozott k\u00f6vetelm\u00e9nyeknek.<\/p><h2 id=\"v-az-rintettek-jogai\" class=\"mb-2 mt-6 text-base font-[500] first:mt-0 md:text-lg dark:font-[475] [hr+&amp;]:mt-4\">V. Az \u00e9rintettek jogai<\/h2><p class=\"my-0\">Az adatkezel\u00e9sben \u00e9rintett szem\u00e9ly \u00e9lhet minden, a vonatkoz\u00f3 jogszab\u00e1lyokban meghat\u00e1rozott jog\u00e1val, k\u00fcl\u00f6n\u00f6sen az al\u00e1bbiakkal:<\/p><ul class=\"marker:text-textOff list-disc\"><li><p class=\"my-0\">hozz\u00e1f\u00e9r\u00e9si jog (GDPR 15. cikk),<\/p><\/li><li><p class=\"my-0\">helyesb\u00edt\u00e9shez val\u00f3 jog (GDPR 16. cikk),<\/p><\/li><li><p class=\"my-0\">t\u00f6rl\u00e9shez val\u00f3 jog (\u201eaz elfeledtet\u00e9shez val\u00f3 jog\u201d, GDPR 17. cikk),<\/p><\/li><li><p class=\"my-0\">az adatkezel\u00e9s korl\u00e1toz\u00e1s\u00e1hoz val\u00f3 jog (GDPR 18. cikk),<\/p><\/li><li><p class=\"my-0\">adathordozhat\u00f3s\u00e1ghoz val\u00f3 jog (GDPR 20. cikk),<\/p><\/li><li><p class=\"my-0\">tiltakoz\u00e1shoz val\u00f3 jog (GDPR 21. cikk),<\/p><\/li><li><p class=\"my-0\">a hozz\u00e1j\u00e1rul\u00e1s b\u00e1rmikori visszavon\u00e1s\u00e1nak joga (GDPR 7. cikk (3) bek.),<\/p><\/li><li><p class=\"my-0\">panasz beny\u00fajt\u00e1s\u00e1nak joga a fel\u00fcgyeleti hat\u00f3s\u00e1ghoz.<\/p><\/li><\/ul><p class=\"my-0\">A fenti jogok gyakorl\u00e1s\u00e1val kapcsolatos ig\u00e9nyek eset\u00e9n az al\u00e1bbi el\u00e9rhet\u0151s\u00e9geken lehet kapcsolatba l\u00e9pni velem: [e-mail c\u00edm]<\/p><p class=\"my-0\">Az adatkezel\u0151 a k\u00e9relmet indokolatlan k\u00e9sedelem n\u00e9lk\u00fcl, de legk\u00e9s\u0151bb egy h\u00f3napon bel\u00fcl megv\u00e1laszolja.<\/p><h2 id=\"vi-eljrsi-szablyok\" class=\"mb-2 mt-6 text-base font-[500] first:mt-0 md:text-lg dark:font-[475] [hr+&amp;]:mt-4\">VI. Elj\u00e1r\u00e1si szab\u00e1lyok<\/h2><p class=\"my-0\">A k\u00e9relmekre 1 h\u00f3napon bel\u00fcl v\u00e1laszt adok. Amennyiben nem teszek int\u00e9zked\u00e9st, az okokat szint\u00e9n egy h\u00f3napon bel\u00fcl \u00edr\u00e1sban k\u00f6zl\u00f6m.<\/p><p class=\"my-0\">A t\u00e1j\u00e9koztat\u00e1s \u00e9s az adatszolg\u00e1ltat\u00e1s d\u00edjmentes.<\/p><p class=\"my-0\">A szem\u00e9lyes adatok kezel\u00e9se sor\u00e1n elszenvedett vagyoni vagy nem vagyoni k\u00e1r eset\u00e9n az adatkezel\u0151 (vagy adatfeldolgoz\u00f3) a hat\u00e1lyos jogszab\u00e1ly szerint k\u00f6teles k\u00e1rt\u00e9r\u00edt\u00e9st fizetni, kiv\u00e9ve, ha bizony\u00edtja, hogy a k\u00e1rt okoz\u00f3 esem\u00e9ny\u00e9rt \u0151t felel\u0151ss\u00e9g nem terheli.<\/p><h2 id=\"vii-az-adatkezelsi-tjkoztat-s-szablyzat-mdostsa\" class=\"mb-2 mt-6 text-base font-[500] first:mt-0 md:text-lg dark:font-[475] [hr+&amp;]:mt-4\">VII. Az Adatkezel\u00e9si t\u00e1j\u00e9koztat\u00f3 \u00e9s szab\u00e1lyzat m\u00f3dos\u00edt\u00e1sa<\/h2><p class=\"my-0\">Az Adatkezel\u00e9si T\u00e1j\u00e9koztat\u00f3 egyoldal\u00faan m\u00f3dos\u00edthat\u00f3. A m\u00f3dos\u00edt\u00e1s hat\u00e1lyba l\u00e9p\u00e9s\u00e9r\u0151l a\u00a0<a class=\"break-word hover:text-super hover:decoration-super underline decoration-from-font underline-offset-1 transition-all duration-300\" href=\"http:\/\/www.orienta.hu\/\" target=\"_blank\" rel=\"nofollow noopener\">www.orienta.hu<\/a>\u00a0oldalon t\u00e1j\u00e9koz\u00f3dhat, illetve a weboldal haszn\u00e1lat\u00e1val azt elfogadottnak tekinthet\u0151.<\/p><h2 id=\"viii-jogrvnyestsi-lehetsgek\" class=\"mb-2 mt-6 text-base font-[500] first:mt-0 md:text-lg dark:font-[475] [hr+&amp;]:mt-4\">VIII. Jog\u00e9rv\u00e9nyes\u00edt\u00e9si lehet\u0151s\u00e9gek<\/h2><ul class=\"marker:text-textOff list-disc\"><li><p class=\"my-0\">K\u00e9rd\u00e9s, \u00e9szrev\u00e9tel, adatkezel\u00e9ssel kapcsolatos k\u00e9relmek: [e-mail c\u00edm]<\/p><\/li><li><p class=\"my-0\"><strong>Panasz beny\u00fajt\u00e1sa a fel\u00fcgyeleti hat\u00f3s\u00e1ghoz (\u00d6sterreichische Datenschutzbeh\u00f6rde):<\/strong><br \/>N\u00e9v: \u00d6sterreichische Datenschutzbeh\u00f6rde<br \/>C\u00edm: Barichgasse 40-42, 1030 Wien<br \/>Telefon: +43 1 52 152-0<br \/>E-mail:\u00a0<a class=\"break-word hover:text-super hover:decoration-super underline decoration-from-font underline-offset-1 transition-all duration-300\" href=\"mailto:dsb@dsb.gv.at\" target=\"_blank\" rel=\"nofollow noopener\">dsb@dsb.gv.at<\/a><br \/>Web:\u00a0<a class=\"break-word hover:text-super hover:decoration-super underline decoration-from-font underline-offset-1 transition-all duration-300\" href=\"https:\/\/www.dsb.gv.at\/\" target=\"_blank\" rel=\"nofollow noopener\">https:\/\/www.dsb.gv.at\/<\/a><\/p><\/li><li><p class=\"my-0\"><strong>Az \u00e9rintett b\u00edr\u00f3s\u00e1ghoz fordulhat a jogai megs\u00e9rt\u00e9se eset\u00e9n az illet\u00e9kes osztr\u00e1k b\u00edr\u00f3s\u00e1gn\u00e1l.<\/strong><\/p><\/li><\/ul><p class=\"my-0\"><strong>Jelen adatkezel\u00e9si t\u00e1j\u00e9koztat\u00f3 2025. j\u00falius 24-t\u0151l hat\u00e1lyos.<\/strong><\/p>\t\t\t\t\t\t\t\t<\/div>\n\t\t\t\t<\/div>\n\t\t\t\t\t<\/div>\n\t\t\t\t<\/div>\n\t\t\t\t<\/div>\n\t\t","protected":false},"excerpt":{"rendered":"<p>Adatkezel\u00e9si t\u00e1j\u00e9koztat\u00f3 \u00e9s szab\u00e1lyzat Hat\u00e1lyos: 2025.07.24-t\u0151l\u00a0 Adatkezel\u0151 adatai C\u00e9gn\u00e9v: Agnes Kovacs, BA MASz\u00e9khely: Ausztria, Ried imTraunkreis, Florianistr. 3\/1Telefonsz\u00e1m: +43 676 710 5851E-mail c\u00edm: agi(kukac)orienta.huKapcsolattart\u00f3: Agnes Kovacs, BA MA I. Adatv\u00e9delmi elvek \u00c9n, Kov\u00e1cs \u00c1gnes, az Orienta N\u0151i J\u00f3ga (Orienta.hu) \u00fczemeltet\u0151je, mint adatkezel\u0151, kiemelten fontosnak tartom a szem\u00e9lyes adatok v\u00e9delm\u00e9t, valamint minden olyan int\u00e9zked\u00e9st, amely az [&hellip;]<\/p>\n","protected":false},"author":1,"featured_media":0,"parent":0,"menu_order":0,"comment_status":"closed","ping_status":"closed","template":"","meta":{"site-sidebar-layout":"default","site-content-layout":"","ast-site-content-layout":"default","site-content-style":"default","site-sidebar-style":"default","ast-global-header-display":"","ast-banner-title-visibility":"","ast-main-header-display":"","ast-hfb-above-header-display":"","ast-hfb-below-header-display":"","ast-hfb-mobile-header-display":"","site-post-title":"","ast-breadcrumbs-content":"","ast-featured-img":"","footer-sml-layout":"","ast-disable-related-posts":"","theme-transparent-header-meta":"","adv-header-id-meta":"","stick-header-meta":"","header-above-stick-meta":"","header-main-stick-meta":"","header-below-stick-meta":"","astra-migrate-meta-layouts":"set","ast-page-background-enabled":"default","ast-page-background-meta":{"desktop":{"background-color":"","background-image":"","background-repeat":"repeat","background-position":"center center","background-size":"auto","background-attachment":"scroll","background-type":"","background-media":"","overlay-type":"","overlay-color":"","overlay-opacity":"","overlay-gradient":""},"tablet":{"background-color":"","background-image":"","background-repeat":"repeat","background-position":"center center","background-size":"auto","background-attachment":"scroll","background-type":"","background-media":"","overlay-type":"","overlay-color":"","overlay-opacity":"","overlay-gradient":""},"mobile":{"background-color":"","background-image":"","background-repeat":"repeat","background-position":"center center","background-size":"auto","background-attachment":"scroll","background-type":"","background-media":"","overlay-type":"","overlay-color":"","overlay-opacity":"","overlay-gradient":""}},"ast-content-background-meta":{"desktop":{"background-color":"var(--ast-global-color-5)","background-image":"","background-repeat":"repeat","background-position":"center center","background-size":"auto","background-attachment":"scroll","background-type":"","background-media":"","overlay-type":"","overlay-color":"","overlay-opacity":"","overlay-gradient":""},"tablet":{"background-color":"var(--ast-global-color-5)","background-image":"","background-repeat":"repeat","background-position":"center center","background-size":"auto","background-attachment":"scroll","background-type":"","background-media":"","overlay-type":"","overlay-color":"","overlay-opacity":"","overlay-gradient":""},"mobile":{"background-color":"var(--ast-global-color-5)","background-image":"","background-repeat":"repeat","background-position":"center center","background-size":"auto","background-attachment":"scroll","background-type":"","background-media":"","overlay-type":"","overlay-color":"","overlay-opacity":"","overlay-gradient":""}},"footnotes":""},"class_list":["post-3","page","type-page","status-publish","hentry"],"_links":{"self":[{"href":"https:\/\/orienta.hu\/at\/wp-json\/wp\/v2\/pages\/3","targetHints":{"allow":["GET"]}}],"collection":[{"href":"https:\/\/orienta.hu\/at\/wp-json\/wp\/v2\/pages"}],"about":[{"href":"https:\/\/orienta.hu\/at\/wp-json\/wp\/v2\/types\/page"}],"author":[{"embeddable":true,"href":"https:\/\/orienta.hu\/at\/wp-json\/wp\/v2\/users\/1"}],"replies":[{"embeddable":true,"href":"https:\/\/orienta.hu\/at\/wp-json\/wp\/v2\/comments?post=3"}],"version-history":[{"count":0,"href":"https:\/\/orienta.hu\/at\/wp-json\/wp\/v2\/pages\/3\/revisions"}],"wp:attachment":[{"href":"https:\/\/orienta.hu\/at\/wp-json\/wp\/v2\/media?parent=3"}],"curies":[{"name":"wp","href":"https:\/\/api.w.org\/{rel}","templated":true}]}}